{"id":5,"date":"2009-12-13T11:26:06","date_gmt":"2009-12-13T14:26:06","guid":{"rendered":"http:\/\/www.walcordeiro.com.br\/v1\/?page_id=5"},"modified":"2024-01-19T10:07:06","modified_gmt":"2024-01-19T13:07:06","slug":"portfolio","status":"publish","type":"page","link":"https:\/\/www.walcordeiro.com.br\/v1\/portfolio\/","title":{"rendered":"Portfolio"},"content":{"rendered":"<p style=\"text-align: center;\"><img loading=\"lazy\" decoding=\"async\" class=\"alignnone size-medium wp-image-71613\" src=\"http:\/\/www.walcordeiro.com.br\/v1\/wp-content\/uploads\/2009\/12\/foto-wal-cordeiro-210x300.jpg\" alt=\"foto wal cordeiro\" width=\"210\" height=\"300\" srcset=\"https:\/\/www.walcordeiro.com.br\/v1\/wp-content\/uploads\/2009\/12\/foto-wal-cordeiro-210x300.jpg 210w, https:\/\/www.walcordeiro.com.br\/v1\/wp-content\/uploads\/2009\/12\/foto-wal-cordeiro.jpg 346w\" sizes=\"auto, (max-width: 210px) 100vw, 210px\" \/><\/p>\n<ul>\n<li>Implantou a CAP (Casa de Apoio \u00e0 Penitenci\u00e1ria) em Nova Contagem &#8211; MG;<\/li>\n<li>Implantou e\u00a0 coordenou em Minas Gerais a BLITZ DA PAZ, em parceria com a Pol\u00edcia Militar (distribuindo meio milh\u00e3o de folhetos educativos e evangel\u00edsticos);<\/li>\n<li>Implantou e coordenou o Movimento Conquista Federal (pela implanta\u00e7\u00e3o da faculdade federal de medicina na cidade de Vit\u00f3ria da Conquista);<\/li>\n<li>Foi coordenador de Mobiliza\u00e7\u00e3o Social do Movimento Conquista Pode Voar Mais Alto (pela constru\u00e7\u00e3o do no aeroporto na cidade), implantando e coordenando o site: <a href=\"http:\/\/www.novoaeroportoconquista.com.br\" target=\"_blank\" rel=\"noopener\">www.novoaeroportoconquista.com.br<\/a>, abaixo assinado virtual para ser encaminhado ao Presidente da Rep\u00fablica reivindicando um novo aeroporto;<\/li>\n<li>Foi coordenador de mobiliza\u00e7\u00e3o, para o Nordeste do Brasil, da campanha: Imposto Zero! A cesta b\u00e1sica pede socorro;<\/li>\n<li>\u00c9 idealizador e diretor de projetos e comunica\u00e7\u00e3o social da UNEBA \u2013 Universidade de Esportes do Estado da Bahia \u2013 em Vit\u00f3ria da Conquista: \u00a0<a title=\"Universidade de Esportes\" href=\"http:\/\/uneba.com.br\" target=\"_blank\" rel=\"noopener\">http:\/\/uneba.com.br<\/a>;<\/li>\n<li>Foi consultor de projetos e comunica\u00e7\u00e3o social da ACIDE &#8211; Associa\u00e7\u00e3o Conquistense de Integra\u00e7\u00e3o do Deficiente;<\/li>\n<li>Trabalhou como diretor de marketing do CREAME (Centro de Recupera\u00e7\u00e3o e Amparo ao Menor);<\/li>\n<li>Trabalhou como Assessor Parlamentar, na C\u00e2mara Municipal de Conquista, por tr\u00eas anos, autor de treze projetos de lei municipal em Conquista;<\/li>\n<li>Trabalhou na cria\u00e7\u00e3o e implanta\u00e7\u00e3o do MDC Conquista (Movimento das Donas de Casa e Consumidores do Sudoeste da Bahia) e trabalhou como consultor de projetos e comunica\u00e7\u00e3o social no movimento \u2013 <a href=\"http:\/\/www.donasdecasa.org.br\" target=\"_blank\" rel=\"noopener\">www.donasdecasa.org.br<\/a>;<\/li>\n<li>Implantou e coordenou o Minist\u00e9rio de \u201cCapelania Volunt\u00e1ria\u201d, realizando uma vez por m\u00eas, o CULTO MILITAR (projeto de intercess\u00e3o e evangel\u00edstico entre os policiais);<\/li>\n<li>Foi consultor de lideran\u00e7a na Brasil FM 107,7 (programa Brasil Not\u00edcias), com o quadro: \u201cDicas de Lideran\u00e7a com Wal Cordeiro\u201d, todas as Quartas, \u00e0s 8:30h \u2013 <a href=\"http:\/\/www.brasilfm.com.br\" target=\"_blank\" rel=\"noopener\">www.brasilfm.com.br<\/a>;<\/li>\n<li>Foi consultor de expans\u00e3o nacional do site: <a href=\"http:\/\/www.brasil102.com.br\" target=\"_blank\" rel=\"noopener\">www.brasil102.com.br<\/a>;<\/li>\n<li>Foi Consultor do projeto: \u201cSert\u00e3o Digital\u201d atrav\u00e9s da Ong Terra dos Meninos;<\/li>\n<li>Foi Consultor de projetos e marketing das ONGs: Amigo Social e Asseconti;<\/li>\n<li>Foi Consultor de projetos e marketing do HOSPEC (Hospital Pedi\u00e1trico de Conquista);<\/li>\n<li>Colunista e correspondente de v\u00e1rios sites de not\u00edcias em Vit\u00f3ria da Conquista;<\/li>\n<li>Diretor Executivo de Ponte Filmes. Lan\u00e7ou o filme &#8221; O Valor de um Sonho&#8221; com mais de 1 milh\u00e3o de visualiza\u00e7\u00f5es na internet;<\/li>\n<li>Coordenou, juntamente com o cerimonial da Presid\u00eancia da Rep\u00fablica, a log\u00edstica e operacional na inaugura\u00e7\u00e3o do aeroporto Glauber Rocha.<\/li>\n<li>Foi Diretor do Comit\u00ea Gestor e coordena cinco programas na Prefeitura Municipal de Vit\u00f3ria da Conquista: Prefeitura M\u00f3vel, Gabinete Itinerante Rural, e Mutir\u00e3o Bairro Legal, Mutir\u00e3o Condom\u00ednio Legal e Prefeitura da Zona Oeste.<\/li>\n<li>Atualmente, trabalha como gestor da Prefeitura da Zona Oeste no Espa\u00e7o Cultural Glauber Rocha, \u00e9 Assessor Especial do Gabinete Civil de Vit\u00f3ria da Conquista, Bahia, \u00e9 Diretor Executivo e Presidente do Conselho Deliberativo do IOS &#8211; Instituto Oxente Social. Wal \u00e9 Coordenador Nacional do Projeto &#8220;Pintando a Alegria no Sert\u00e3o&#8221; e l\u00edder do &#8220;Culto C\u00edvico&#8221; e &#8220;Movimento B24 &#8211; Leitura de Toda a B\u00edblia em 24 Horas&#8221;.<\/li>\n<\/ul>\n<div id=\"attachment_54812\" style=\"width: 171px\" class=\"wp-caption aligncenter\"><img loading=\"lazy\" decoding=\"async\" aria-describedby=\"caption-attachment-54812\" class=\" wp-image-54812 \" src=\"http:\/\/www.walcordeiro.com.br\/v1\/wp-content\/uploads\/2009\/12\/1546233_793524284007033_899154108_n-300x225.jpg\" alt=\"1546233_793524284007033_899154108_n\" width=\"161\" height=\"121\" srcset=\"https:\/\/www.walcordeiro.com.br\/v1\/wp-content\/uploads\/2009\/12\/1546233_793524284007033_899154108_n-300x225.jpg 300w, https:\/\/www.walcordeiro.com.br\/v1\/wp-content\/uploads\/2009\/12\/1546233_793524284007033_899154108_n.jpg 640w\" sizes=\"auto, (max-width: 161px) 100vw, 161px\" \/><p id=\"caption-attachment-54812\" class=\"wp-caption-text\">Jos\u00e9 Maria Caires &#8211; Movimento Conquista Pode Voar Mais Alto<\/p><\/div>\n<p style=\"text-align: center;\"><strong style=\"line-height: 1.5em;\">Galeria de fotos: Viagens \u00e0s na\u00e7\u00f5es!<\/strong><\/p>\n<p style=\"text-align: center;\"><img loading=\"lazy\" decoding=\"async\" class=\"size-thumbnail wp-image-165 aligncenter\" title=\"argentina\" src=\"http:\/\/www.walcordeiro.com.br\/v1\/wp-content\/uploads\/argentina-150x150.jpg\" alt=\"argentina\" width=\"150\" height=\"150\" \/>Impacto na Argentina<\/p>\n<p style=\"text-align: center;\"><img loading=\"lazy\" decoding=\"async\" class=\"size-thumbnail wp-image-166 aligncenter\" title=\"coreia\" src=\"http:\/\/www.walcordeiro.com.br\/v1\/wp-content\/uploads\/coreia-150x150.jpg\" alt=\"coreia\" width=\"150\" height=\"150\" \/>Reuni\u00e3o em Seul Cor\u00e9ia do Sul<\/p>\n<p style=\"text-align: center;\">\u00a0\u00a0\u00a0<img loading=\"lazy\" decoding=\"async\" class=\"size-thumbnail wp-image-167 aligncenter\" title=\"cuba com amigos\" src=\"http:\/\/www.walcordeiro.com.br\/v1\/wp-content\/uploads\/cuba-com-amigos-150x150.jpg\" alt=\"cuba com amigos\" width=\"150\" height=\"150\" \/>Pesquisa missiol\u00f3gica em Cuba<\/p>\n<p style=\"text-align: center;\">\u00a0\u00a0<img loading=\"lazy\" decoding=\"async\" class=\"size-thumbnail wp-image-168 aligncenter\" title=\"usa\" src=\"http:\/\/www.walcordeiro.com.br\/v1\/wp-content\/uploads\/usa-150x150.jpg\" alt=\"usa\" width=\"150\" height=\"150\" \/>Reuni\u00e3o ministerial em Colorado Spring USA<\/p>\n<p style=\"text-align: center;\">\u00a0<img loading=\"lazy\" decoding=\"async\" class=\"size-thumbnail wp-image-169 aligncenter\" title=\"portugal\" src=\"http:\/\/www.walcordeiro.com.br\/v1\/wp-content\/uploads\/portugal-150x150.jpg\" alt=\"portugal\" width=\"150\" height=\"150\" \/>Equipe de pesquisa e intercess\u00e3o em Portugal<\/p>\n<p style=\"text-align: center;\">\u00a0<img loading=\"lazy\" decoding=\"async\" class=\"size-thumbnail wp-image-172 aligncenter\" title=\"sul da espanha\" src=\"http:\/\/www.walcordeiro.com.br\/v1\/wp-content\/uploads\/sul-da-espanha-150x150.jpg\" alt=\"sul da espanha\" width=\"150\" height=\"150\" \/>Viagem ao Sul da Espanha<\/p>\n<p style=\"text-align: center;\">\n","protected":false},"excerpt":{"rendered":"<p>Implantou a CAP (Casa de Apoio \u00e0 Penitenci\u00e1ria) em Nova Contagem &#8211; MG; Implantou e\u00a0 coordenou em Minas Gerais a BLITZ DA PAZ, em parceria com a Pol\u00edcia Militar (distribuindo meio milh\u00e3o de folhetos educativos e evangel\u00edsticos); Implantou e coordenou o Movimento Conquista Federal (pela implanta\u00e7\u00e3o da faculdade federal de medicina na cidade de Vit\u00f3ria da Conquista); Foi coordenador de Mobiliza\u00e7\u00e3o Social do Movimento Conquista Pode Voar Mais Alto (pela constru\u00e7\u00e3o do no aeroporto na cidade), implantando e coordenando o site: www.novoaeroportoconquista.com.br, abaixo assinado virtual para ser encaminhado ao Presidente da Rep\u00fablica reivindicando um novo aeroporto; Foi coordenador de mobiliza\u00e7\u00e3o,&#8230;<\/p>\n","protected":false},"author":1,"featured_media":0,"parent":0,"menu_order":1,"comment_status":"closed","ping_status":"open","template":"","meta":{"footnotes":"","_links_to":"","_links_to_target":""},"class_list":["post-5","page","type-page","status-publish","hentry"],"acf":[],"_links":{"self":[{"href":"https:\/\/www.walcordeiro.com.br\/v1\/wp-json\/wp\/v2\/pages\/5","targetHints":{"allow":["GET"]}}],"collection":[{"href":"https:\/\/www.walcordeiro.com.br\/v1\/wp-json\/wp\/v2\/pages"}],"about":[{"href":"https:\/\/www.walcordeiro.com.br\/v1\/wp-json\/wp\/v2\/types\/page"}],"author":[{"embeddable":true,"href":"https:\/\/www.walcordeiro.com.br\/v1\/wp-json\/wp\/v2\/users\/1"}],"replies":[{"embeddable":true,"href":"https:\/\/www.walcordeiro.com.br\/v1\/wp-json\/wp\/v2\/comments?post=5"}],"version-history":[{"count":27,"href":"https:\/\/www.walcordeiro.com.br\/v1\/wp-json\/wp\/v2\/pages\/5\/revisions"}],"predecessor-version":[{"id":88694,"href":"https:\/\/www.walcordeiro.com.br\/v1\/wp-json\/wp\/v2\/pages\/5\/revisions\/88694"}],"wp:attachment":[{"href":"https:\/\/www.walcordeiro.com.br\/v1\/wp-json\/wp\/v2\/media?parent=5"}],"curies":[{"name":"wp","href":"https:\/\/api.w.org\/{rel}","templated":true}]}}