{"id":17,"date":"2009-12-13T11:32:21","date_gmt":"2009-12-13T14:32:21","guid":{"rendered":"http:\/\/www.walcordeiro.com.br\/v1\/?page_id=17"},"modified":"2023-07-16T11:53:20","modified_gmt":"2023-07-16T14:53:20","slug":"dados-sociais","status":"publish","type":"page","link":"https:\/\/www.walcordeiro.com.br\/v1\/dados-sociais\/","title":{"rendered":"Miss\u00f5es"},"content":{"rendered":"<p>___________________________________________________________<\/p>\n<p><strong><a title=\"Link permanente para Que s\u00e3o Povos N\u00e3o Alcan\u00e7ados ?\" href=\"http:\/\/www.walcordeiro.com.br\/v1\/2010\/03\/12\/que-sao-povos-nao-alcancados\/\" rel=\"bookmark\">Que s\u00e3o Povos N\u00e3o Alcan\u00e7ados ?<\/a><\/strong><\/p>\n<div>Um povo \u00e9 um grupo significativamente grande de indiv\u00edduos que entendem ter uma afinidade comum uns pelos outros. Eles compartilham a mesma linguagem, religi\u00e3o, etnia, localidade, ocupa\u00e7\u00e3o, ou mesmo um combinado disto. Um povo tem um nome \u00e9 apto para ocupar um local.<\/div>\n<div>\n<p>O termo <strong>N\u00e3o Alcan\u00e7ado<\/strong> ou <strong>N\u00e3o Evangelizado<\/strong> surgiu para definir um grupo de indiv\u00edduos no qual n\u00e3o h\u00e1 uma comunidade nativa de crentes (crist\u00e3os) capazes de evangeliza-lo. Muitos destes grupos n\u00e3o tem conhecimento de quem \u00e9 Deus. N\u00e3o conhecem a Jesus, seu filho e desconhecem a necessidade de salva\u00e7\u00e3o. Alguns destes grupos n\u00e3o tem sequer uma estrutura de linguagem escrita formada, n\u00e3o l\u00eaem nem escrevem em seus pr\u00f3prios idiomas. J\u00e1 outros possuem uma bem dividida estrutura social, dominam a escrita e possuem uma forte e milenar estrutura religiosa.<\/p>\n<p><strong>O que se requer para evangelizar estes grupo de povos n\u00e3o alcan\u00e7ados ?<\/strong><br \/>\nOra\u00e7\u00e3o, iniciativa e treinamento adequado entre outras coisas. N\u00e3o existe um manual com respostas prontas ou receitas mirabolantes, (muito embora existam procedimentos comuns) pois cada grupo n\u00e3o alcan\u00e7ado, possui barreiras e problemas \u00fanicos a serem vencidos. Para cada um destes existem estrat\u00e9gias e oportunidades espec\u00edficas a serem buscadas, antes que o alcance efetivo seja posto em a\u00e7\u00e3o. S\u00e3o oportunidades e estrat\u00e9gias percebidas principalmente no lugar de ora\u00e7\u00e3o, e l\u00e1 vencidas em primeira inst\u00e2ncia. Estes grupos permanecem inalcan\u00e7ados ou ocultos porque s\u00e3o verdadeiramente dif\u00edceis de se alcan\u00e7ar, do contr\u00e1rio a tarefa j\u00e1 teria sido terminada. Por outro lado uma interven\u00e7\u00e3o maior por parte das igrejas se faz necess\u00e1ria, investindo em iniciativas mission\u00e1rias voltadas ao alcance destes grupos. Parcerias entre ag\u00eancias e igrejas acabam surgindo como resposta a esta lacuna de influ\u00eancia que encontramos na hist\u00f3ria da Igreja.<\/p>\n<p>Hoje o n\u00famero exato dos grupos de povos n\u00e3o alcan\u00e7ados varia de acordo com as defini\u00e7\u00f5es. Podem ser categorizados em mega ou mini povos, povos minorit\u00e1rios, povo etnoling\u00fc\u00edstico, povo socio-econ\u00f4mico etc. O Movimento AD 2000 considerava n\u00e3o alcan\u00e7ados, povos com uma popula\u00e7\u00e3o superior a 10.000 pessoas, o que colocaria dentro desta categoria no Brasil, apenas os ribeirinhos amaz\u00f4nicos. Outras , pelo menos, 130 diferentes tribos ficariam de fora, e cerca de 50 delas nunca foram de fato contactadas ainda pelo homem branco. Estima-se no mundo todo mais de 10.000 grupos.<\/p>\n<p>A lista de quem s\u00e3o os n\u00e3o alcan\u00e7ados \u00e9 imensa, e passa por todos os continentes, grandes metr\u00f3poles, vilarejos, aldeias e tribos. Eles n\u00e3o est\u00e3o apenas em lugares de dif\u00edcil acesso como a maioria de n\u00f3s imagina. Algumas vezes \u00e9 poss\u00edvel encontrar grupos inteiros, isolados por barreiras idiom\u00e1ticas ou culturais. Quem sabe, num lugar bem pr\u00f3ximo a voc\u00ea que l\u00ea este texto agora. Entretanto os prop\u00f3sitos de Deus para as na\u00e7\u00f5es s\u00e3o imut\u00e1veis e verdadeiros. Elas estar\u00e3o representadas no grande dia diante do trono. Precisamos orar e alcan\u00e7ar estes povos, pois esta foi a ordem Jesus : fazer disc\u00edpulos de todas as na\u00e7\u00f5es. Que assim seja.<\/p>\n<p><strong>Fontes<\/strong><em><br \/>\nManual de Intercess\u00e3o, Pr\u00e1Midia publica\u00e7\u00f5es, p.14-1998<br \/>\nRevista IDE \u2013 n\u00ba 22, p. 06 \u2013 1999<\/em><\/p>\n<div id=\"author-box\"><\/div>\n<\/div>\n<p><strong><a title=\"Link permanente para Como orar por povos n\u00e3o Alcan\u00e7ados\" href=\"http:\/\/www.walcordeiro.com.br\/v1\/2010\/02\/10\/664\/\" rel=\"bookmark\">Como orar por povos n\u00e3o Alcan\u00e7ados<\/a><\/strong><\/p>\n<div><strong><em>Extra\u00eddo do livro: Ora\u00e7\u00e3o Sem Fronteiras, autoria Wal Cordeiro<\/em><\/strong><\/div>\n<div><\/div>\n<div>\n<p><img loading=\"lazy\" decoding=\"async\" class=\"aligncenter\" title=\"de joelhos orando\" src=\"http:\/\/www.bible.ca\/prayer-private.gif\" alt=\"\" width=\"270\" height=\"241\" \/><\/p>\n<p>A principal arma que Deus tem para alcan\u00e7ar povos n\u00e3o evangelizados \u00e9 a mobiliza\u00e7\u00e3o de Seu povo em ora\u00e7\u00e3o.\u00a0 Orando com cora\u00e7\u00f5es limpos, de acordo com a vontade do Pai e andando em Seus caminhos atrav\u00e9s de Sua palavra energizada pelo Esp\u00edrito Santo.<\/p>\n<p>Nosso primeiro alvo \u00e9 a Igreja de Cristo por todo o Mundo.<\/p>\n<p>Deus tem feito historia atrav\u00e9s de Sua Igreja o deseja que mais e mais possamos ter influ\u00eancia no desenrolar da hist\u00f3ria mundial.<\/p>\n<p>1.\u00a0 N\u00f3s adoramos e louvamos a Deus por quem Ele \u00e9.\u00a0 Ent\u00e3o agradecemos pelas coisas que Ele j\u00e1 tem feito nestes pa\u00edses (Fil. 4:6)<\/p>\n<p>Agradecemos pelo privil\u00e9gio do fazer parte do mesmo minist\u00e9rio que Jesus est\u00e1 engajado, que \u00e9 o de intercess\u00e3o (Heb. 7:25)<\/p>\n<p>Adoramos a Ele dizendo que cremos em Sua palavra, em Sua posi\u00e7\u00e3o de autoridade, em Seu\u00a0 poder,em Seus\u00a0 prop\u00f3sito e em Seu plano de alcan\u00e7ar todos os povos da terra.<\/p>\n<p>Posi\u00e7\u00e3o de Deus em rela\u00e7\u00e3o \u00e0s na\u00e7\u00f5es \u2013 Sal 47:2, 8<\/p>\n<p>Poder de Deus sobre na\u00e7\u00f5es n\u00e3o evangelizadas \u2013 Jo\u00e3o 12:23, Is 52:10<\/p>\n<p>O prop\u00f3sito e o plano de Deus \u00e1 respeito das na\u00e7\u00f5es da terra \u2013 Apoc. 5:9, Sal 22:27, 28<\/p>\n<p>-Quando mantemos nossos olhos fitos na posi\u00e7\u00e3o de autoridade de Deus, em Seu poder, prop\u00f3sito e planos para todos os povos temos maior capacidade em crer que \u201cmaior e Aquele que est\u00e1 em n\u00f3s do que aquele que esta no mundo.\u201d (I Jo\u00e3o 4:4)<\/p>\n<p>2.\u00a0 Nos humilhamos diante de Deus identificando com o pecado de omiss\u00e3o do corpo de Cristo em rela\u00e7\u00e3o aos povos n\u00e3o alcan\u00e7ados.<\/p>\n<ul>\n<li>Como, Daniel fez, \u201cEu e meu povo temos pecado.\u201d<\/li>\n<li>.Confessamos nossa indiferen\u00e7a, ignor\u00e2ncia \u00e1 respeito de necessidades desses povos em geral, nossa falta de amor e interesse por\u00a0 estarem\u00a0 perdidos; cegos e em cadeias, e\u00a0 por\u00a0 nossa\u00a0\u00a0 falta de ora\u00e7\u00e3o.<\/li>\n<li>Arrependemos (se o pecado \u00e9 pessoal), e nos comprometemos a orar regularmente.<\/li>\n<\/ul>\n<p>3.\u00a0 Pedimos por n\u00f3s e por todo o corpo de Cristo a miseric\u00f3rdia de Deus. ( Hab. 3:2)<\/p>\n<p>4.\u00a0 Oremos por unidade no Corpo de Cristo, j\u00e1 que unidade \u00e9 o mais importante fator de influ\u00eancia para o perdido vir a Cristo (Jo\u00e3o 17:23)<\/p>\n<ul>\n<li>Oremos para que o Esp\u00edrito Santo conven\u00e7a o povo de Deus de orgulho e preconceito que nos separam um dos outros, e que n\u00f3s entendamos que sem unidade a tarefa de alcan\u00e7ar todos os povos ser\u00e1 imposs\u00edvel (Mat. 12:25)<\/li>\n<\/ul>\n<p>5.\u00a0 Oremos para que Deus levante Seu povo em todo o mundo para orar pelos povos n\u00e3o alcan\u00e7ados. (II Pe. 3:9)<\/p>\n<p>6.\u00a0 Oremos para que Deus levante um ex\u00e9rcito de intercessores de todas as na\u00e7\u00f5es para orarem regularmente pelos povos n\u00e3o alcan\u00e7ados. (Sal 2:8,9; Ef 5:18)<\/p>\n<p>7.\u00a0 Oremos para que Deus levante vision\u00e1rios que recebam Dele estrat\u00e9gias de como alcan\u00e7ar estes povos. (Prov. 29:18)<\/p>\n<p>8.\u00a0 Oremos para que aqueles que receberam vis\u00f5es possam ser encorajados, ouvidos e terem reconhecimento e suporte para realizarem a tarefa.<\/p>\n<p>9.\u00a0 Oremos para que Deus envie trabalhadores para a seara que possuam os cinco minist\u00e9rios descritos em Ef\u00e9sios 4:11. E que Eles sejam motivados a cumprir as condi\u00e7\u00f5es para serem cheios do Esp\u00edrito. (Ef. 5:18)<\/p>\n<p>10.\u00a0\u00a0\u00a0\u00a0\u00a0\u00a0 Oremos para que Deus ajude seu povo a aprender r\u00e1pido o l\u00edngua destes povos que n\u00e3o tem a B\u00edblia em sua l\u00edngua, que traduzam a B\u00edblia e que editem e distribuam B\u00edblias para estas na\u00e7\u00f5es.<\/p>\n<p>11.\u00a0\u00a0\u00a0\u00a0\u00a0\u00a0 Pe\u00e7amos a Deus para que minist\u00e9rios que envolvem meios de comunica\u00e7\u00f5es (Radio, TV, \u00c1udio e v\u00eddeo cassetes, Filmes, Literatura, etc.), focalizem sua aten\u00e7\u00e3o em povos n\u00e3o alcan\u00e7ados.<\/p>\n<p>12.\u00a0\u00a0\u00a0\u00a0\u00a0\u00a0 Pe\u00e7amos a Deus que levante minist\u00e9rios que tenham sua aten\u00e7\u00e3o voltada para as crian\u00e7as (Mat 19:14, Mar 9:36) j\u00e1 que elas\u00a0\u00a0 s\u00e3o alvo constante de Satan\u00e1s.<\/p>\n<p>Oremos pela Igreja de Cristo localizada no meio destes povos (se existir alguma). N\u00e3o podemos nunca afirmar que n\u00e3o existe nenhum crente nas na\u00e7\u00f5es n\u00e3o alcan\u00e7adas\u00a0 (At 14:16,17)<\/p>\n<p>Oremos tamb\u00e9m para que:<\/p>\n<p>1.\u00a0 Deus encoraje, proteja, fortale\u00e7a e liberte Seu povo, mesmo se houver apenas uns poucos remanescentes (II Reis 19:4). Nosso alvo deve ser aqueles que tem sido perseguidos e presos. (Hb 13:3)<\/p>\n<p>2.\u00a0 Deus mostre a import\u00e2ncia da\u00a0 unidade B\u00edblica . (Jo\u00e3o 17:23; Mat. 12:25)<\/p>\n<p>3.\u00a0 Eles tenham acesso \u00e1 palavra de Deus, andando no poder do Esp\u00edrito e no temor do Senhor sendo multiplicados em n\u00famero ao compartilhar\u00a0 sua f\u00e9. (At. 5:42, 9:31)<\/p>\n<p>4.\u00a0 Haja o derramar do Esp\u00edrito Santo na Igreja.\u00a0 E que \u00e1 Igreja seja dada a vis\u00e3o de orar com perseveran\u00e7a e f\u00e9, sendo espiritualmente preparados para que quando Deus responder, ela possa ser usada poderosamente pelo Esp\u00edrito Santo (Joel 2:15,17; At 1:14)<\/p>\n<p>5.\u00a0 Deus levante l\u00edderes justos, prontos para serem colocados em todas as esferas de autoridade e influ\u00eancia na na\u00e7\u00e3o. (Prov 28:12)<\/p>\n<p>6.\u00a0 O povo de Deus estude a palavra de Deus e entenda o car\u00e1ter e os caminhos de Deus (Prov 2:1-5) e que, ent\u00e3o, possam viver de acordo com que ele cr\u00ea e prega. (I Cor 4:17)<\/p>\n<p>7.\u00a0 Ele receba vis\u00e3o de orar por outros povos, envolvendo-se em intercess\u00e3o pelo resto do mundo, e esteja\u00a0 preparado para obedecer a grande comiss\u00e3o de Jesus. (Is 56:5; Rom 10:14,15)<\/p>\n<p>Quarto alvo de ora\u00e7\u00e3o deve ser pelas almas perdidas nos pa\u00edses n\u00e3o evangelizados,<\/p>\n<p>1.\u00a0 Oremos para que Deus possa come\u00e7ar a tocar em seus esp\u00edritos provocando uma sede de buscar o poder maior que eles j\u00e1 sabem que existe. (Rom 1:19,20)\u00a0 E que Deus prepare para receber o evangelho. (At 10:33-35)<\/p>\n<p>2.\u00a0 Oremos para que Deus d\u00ea a eles revela\u00e7\u00e3o do Senhor Jesus como o filho de Deus,<\/p>\n<p>3.\u00a0 Oremos para que Deus traga um grande avivamento espiritual no meio do povo, convencendo \u2013 os de pecado, e os levando ao arrependimento (Is 64:1-3)\u00a0 Creiamos na promessa de Isaias 61:11.<\/p>\n<p>4.\u00a0 Com a exposi\u00e7\u00e3o do evangelho por TV, R\u00e1dio, B\u00edblia ou Testemunhos, oremos para que as suas mentes sejam iluminadas e seus esp\u00edritos reavivados, e seus cora\u00e7\u00f5es motivados a viver de acordo com a verdade do evangelho. (Jo 8:32)<\/p>\n<p>5.\u00a0 Oremos para que Deus traga\u00a0 aos\u00a0 l\u00edderes\u00a0 injustos\u00a0 convic\u00e7\u00e3o do pecado, trazendo-os ao arrependimento.\u00a0 Para aqueles que resistem ao esp\u00edrito\u00a0 oremos para\u00a0\u00a0 que Deus possa retir\u00e1-los da\u00a0 posi\u00e7\u00e3o de lideran\u00e7a e\u00a0 pondo no lugar deles algu\u00e9m mais aberto para o evangelho e mais justo. (Salmos 75:6,7)<\/p>\n<p>6.\u00a0 Que Deus possa abrir a mente de l\u00edderes\u00a0 para que eles possam enxergar a falsidade de suas ideologias e religi\u00f5es e entendam que cristianismo \u00e9 o \u00fanico estilo de vida\u00a0\u00a0\u00a0 que pode transformar a vida de um ser humano.<\/p>\n<p>7.\u00a0 Oremos a Deus para que Ele continue a se revelar a estes povos n\u00e3o alcan\u00e7ados atrav\u00e9s de suas pr\u00f3prias culturas como Don Richardson nos conta em seus livros.<\/p>\n<p>8.\u00a0 Pe\u00e7amos \u00e1 Deus que nos revele os principados que dominam o entendimento destes povos e na\u00e7\u00f5es e ent\u00e3o engajar-mos em guerra espiritual com o Esp\u00edrito Santo liderando. (Ef 6:19-18)<\/p>\n<p>9.\u00a0 Entremos ent\u00e3o com todo nosso cora\u00e7\u00e3o e fervor de esp\u00edrito em um tempo de adora\u00e7\u00e3o \u00e1 Deus por sua vit\u00f3ria sobre as fortalezas de Satan\u00e1s.\u00a0 Louvor liberta o poder de Deus! (Salmos 44:4-8, 47:1-3)<\/p>\n<p>LEMBREMOS QUE:<\/p>\n<ul>\n<li>Luz \u00e9 mais poderosa que trevas.\u00a0 Verdade mais forte que mentira.<\/li>\n<li>Existe mais gra\u00e7a no cora\u00e7\u00e3o de Deus do que pecado no cora\u00e7\u00e3o do homem.<\/li>\n<li>H\u00e1 mais poder no Esp\u00edrito Santo para convencer o homem de pecado do que em Satan\u00e1s para tentar o homem para pecar.<\/li>\n<li>H\u00e1 mais poder em uma simples gota do sangue de Jesus, para limpar os cora\u00e7\u00f5es da ra\u00e7a humana de qualquer pecado, do que todos os trapos de imund\u00edcia e pecado de toda humanidade desde Ad\u00e3o e Eva at\u00e9 nossos dias.<\/li>\n<\/ul>\n<p>Essa palestra foi dada por Joy Dawson e pode nos ensinar muito \u00e1 respeito de ora\u00e7\u00e3o pelos n\u00e3o alcan\u00e7ados.<\/p>\n<\/div>\n<p style=\"text-align: center;\">\n","protected":false},"excerpt":{"rendered":"<p>___________________________________________________________ Que s\u00e3o Povos N\u00e3o Alcan\u00e7ados ? Um povo \u00e9 um grupo significativamente grande de indiv\u00edduos que entendem ter uma afinidade comum uns pelos outros. Eles compartilham a mesma linguagem, religi\u00e3o, etnia, localidade, ocupa\u00e7\u00e3o, ou mesmo um combinado disto. Um povo tem um nome \u00e9 apto para ocupar um local. O termo N\u00e3o Alcan\u00e7ado ou N\u00e3o Evangelizado surgiu para definir um grupo de indiv\u00edduos no qual n\u00e3o h\u00e1 uma comunidade nativa de crentes (crist\u00e3os) capazes de evangeliza-lo. Muitos destes grupos n\u00e3o tem conhecimento de quem \u00e9 Deus. N\u00e3o conhecem a Jesus, seu filho e desconhecem a necessidade de salva\u00e7\u00e3o. Alguns&#8230;<\/p>\n","protected":false},"author":1,"featured_media":0,"parent":0,"menu_order":8,"comment_status":"closed","ping_status":"open","template":"","meta":{"footnotes":"","_links_to":"","_links_to_target":""},"class_list":["post-17","page","type-page","status-publish","hentry"],"acf":[],"_links":{"self":[{"href":"https:\/\/www.walcordeiro.com.br\/v1\/wp-json\/wp\/v2\/pages\/17","targetHints":{"allow":["GET"]}}],"collection":[{"href":"https:\/\/www.walcordeiro.com.br\/v1\/wp-json\/wp\/v2\/pages"}],"about":[{"href":"https:\/\/www.walcordeiro.com.br\/v1\/wp-json\/wp\/v2\/types\/page"}],"author":[{"embeddable":true,"href":"https:\/\/www.walcordeiro.com.br\/v1\/wp-json\/wp\/v2\/users\/1"}],"replies":[{"embeddable":true,"href":"https:\/\/www.walcordeiro.com.br\/v1\/wp-json\/wp\/v2\/comments?post=17"}],"version-history":[{"count":23,"href":"https:\/\/www.walcordeiro.com.br\/v1\/wp-json\/wp\/v2\/pages\/17\/revisions"}],"predecessor-version":[{"id":88071,"href":"https:\/\/www.walcordeiro.com.br\/v1\/wp-json\/wp\/v2\/pages\/17\/revisions\/88071"}],"wp:attachment":[{"href":"https:\/\/www.walcordeiro.com.br\/v1\/wp-json\/wp\/v2\/media?parent=17"}],"curies":[{"name":"wp","href":"https:\/\/api.w.org\/{rel}","templated":true}]}}