{"id":11,"date":"2009-12-13T11:28:21","date_gmt":"2009-12-13T14:28:21","guid":{"rendered":"http:\/\/www.walcordeiro.com.br\/v1\/?page_id=11"},"modified":"2023-07-17T15:40:03","modified_gmt":"2023-07-17T18:40:03","slug":"fale-conosco","status":"publish","type":"page","link":"https:\/\/www.walcordeiro.com.br\/v1\/fale-conosco\/","title":{"rendered":"Contato"},"content":{"rendered":"<p><strong>Utilize nosso canal de di\u00e1logo exclusivo, por onde voc\u00ea poder\u00e1 nos encaminhar sua mensagem, bem como sua aprecia\u00e7\u00e3o sobre nosso trabalho e assuntos discutidos neste blog, al\u00e9m de convites:<\/strong><\/p>\n<p>Whatsapp: 77 99131 5677<\/p>\n<p>Email: walcordeiro1@gmail.com<\/p>\n","protected":false},"excerpt":{"rendered":"<p>Utilize nosso canal de di\u00e1logo exclusivo, por onde voc\u00ea poder\u00e1 nos encaminhar sua mensagem, bem como sua aprecia\u00e7\u00e3o sobre nosso trabalho e assuntos discutidos neste blog, al\u00e9m de convites: Whatsapp: 77 99131 5677 Email: walcordeiro1@gmail.com<\/p>\n","protected":false},"author":1,"featured_media":0,"parent":0,"menu_order":7,"comment_status":"closed","ping_status":"open","template":"","meta":{"footnotes":"","_links_to":"","_links_to_target":""},"class_list":["post-11","page","type-page","status-publish","hentry"],"acf":[],"_links":{"self":[{"href":"https:\/\/www.walcordeiro.com.br\/v1\/wp-json\/wp\/v2\/pages\/11","targetHints":{"allow":["GET"]}}],"collection":[{"href":"https:\/\/www.walcordeiro.com.br\/v1\/wp-json\/wp\/v2\/pages"}],"about":[{"href":"https:\/\/www.walcordeiro.com.br\/v1\/wp-json\/wp\/v2\/types\/page"}],"author":[{"embeddable":true,"href":"https:\/\/www.walcordeiro.com.br\/v1\/wp-json\/wp\/v2\/users\/1"}],"replies":[{"embeddable":true,"href":"https:\/\/www.walcordeiro.com.br\/v1\/wp-json\/wp\/v2\/comments?post=11"}],"version-history":[{"count":14,"href":"https:\/\/www.walcordeiro.com.br\/v1\/wp-json\/wp\/v2\/pages\/11\/revisions"}],"predecessor-version":[{"id":88096,"href":"https:\/\/www.walcordeiro.com.br\/v1\/wp-json\/wp\/v2\/pages\/11\/revisions\/88096"}],"wp:attachment":[{"href":"https:\/\/www.walcordeiro.com.br\/v1\/wp-json\/wp\/v2\/media?parent=11"}],"curies":[{"name":"wp","href":"https:\/\/api.w.org\/{rel}","templated":true}]}}